{"id":980,"date":"2021-03-18T08:29:26","date_gmt":"2021-03-18T06:29:26","guid":{"rendered":"https:\/\/valvontalautakunta.fi\/klagomal\/anforande-av-klagomal\/"},"modified":"2024-05-07T22:51:23","modified_gmt":"2024-05-07T19:51:23","slug":"anforande-av-klagomal","status":"publish","type":"page","link":"https:\/\/valvontalautakunta.fi\/sv\/klagomal\/anforande-av-klagomal\/","title":{"rendered":"Anf\u00f6rande av klagom\u00e5l"},"content":{"rendered":"","protected":false},"excerpt":{"rendered":"","protected":false},"author":4,"featured_media":0,"parent":978,"menu_order":1,"comment_status":"closed","ping_status":"closed","template":"page-with-sidenav.php","meta":{"_acf_changed":false,"footnotes":""},"class_list":["post-980","page","type-page","status-publish","hentry"],"acf":[],"yoast_head":"<!-- This site is optimized with the Yoast SEO plugin v27.1.1 - https:\/\/yoast.com\/product\/yoast-seo-wordpress\/ -->\n<title>Anf\u00f6rande av klagom\u00e5l - Tillsynsn\u00e4mnden<\/title>\n<meta name=\"robots\" content=\"index, follow, max-snippet:-1, max-image-preview:large, max-video-preview:-1\" \/>\n<link rel=\"canonical\" href=\"https:\/\/valvontalautakunta.fi\/sv\/klagomal\/anforande-av-klagomal\/\" \/>\n<meta property=\"og:locale\" content=\"sv_SE\" \/>\n<meta property=\"og:type\" content=\"article\" \/>\n<meta property=\"og:title\" content=\"Anf\u00f6rande av klagom\u00e5l - Tillsynsn\u00e4mnden\" \/>\n<meta property=\"og:url\" content=\"https:\/\/valvontalautakunta.fi\/sv\/klagomal\/anforande-av-klagomal\/\" \/>\n<meta property=\"og:site_name\" content=\"Tillsynsn\u00e4mnden\" \/>\n<meta property=\"article:modified_time\" content=\"2024-05-07T19:51:23+00:00\" \/>\n<meta property=\"og:image\" content=\"https:\/\/valvontalautakunta.fi\/wp-content\/uploads\/sites\/2\/2021\/03\/Valvontalautakunta_YLEISJAKOKUVA_V1_1200x600_Web.png\" \/>\n\t<meta property=\"og:image:width\" content=\"1200\" \/>\n\t<meta property=\"og:image:height\" content=\"600\" \/>\n\t<meta property=\"og:image:type\" content=\"image\/png\" \/>\n<meta name=\"twitter:card\" content=\"summary_large_image\" \/>\n<script type=\"application\/ld+json\" class=\"yoast-schema-graph\">{\"@context\":\"https:\/\/schema.org\",\"@graph\":[{\"@type\":\"WebPage\",\"@id\":\"https:\/\/valvontalautakunta.fi\/sv\/klagomal\/anforande-av-klagomal\/\",\"url\":\"https:\/\/valvontalautakunta.fi\/sv\/klagomal\/anforande-av-klagomal\/\",\"name\":\"Anf\u00f6rande av klagom\u00e5l - Tillsynsn\u00e4mnden\",\"isPartOf\":{\"@id\":\"https:\/\/valvontalautakunta.fi\/#website\"},\"datePublished\":\"2021-03-18T06:29:26+00:00\",\"dateModified\":\"2024-05-07T19:51:23+00:00\",\"breadcrumb\":{\"@id\":\"https:\/\/valvontalautakunta.fi\/sv\/klagomal\/anforande-av-klagomal\/#breadcrumb\"},\"inLanguage\":\"sv-SE\",\"potentialAction\":[{\"@type\":\"ReadAction\",\"target\":[\"https:\/\/valvontalautakunta.fi\/sv\/klagomal\/anforande-av-klagomal\/\"]}]},{\"@type\":\"BreadcrumbList\",\"@id\":\"https:\/\/valvontalautakunta.fi\/sv\/klagomal\/anforande-av-klagomal\/#breadcrumb\",\"itemListElement\":[{\"@type\":\"ListItem\",\"position\":1,\"name\":\"Framsida\",\"item\":\"https:\/\/valvontalautakunta.fi\/sv\/\"},{\"@type\":\"ListItem\",\"position\":2,\"name\":\"Klagom\u00e5l\",\"item\":\"https:\/\/valvontalautakunta.fi\/sv\/klagomal\/\"},{\"@type\":\"ListItem\",\"position\":3,\"name\":\"Anf\u00f6rande av klagom\u00e5l\"}]},{\"@type\":\"WebSite\",\"@id\":\"https:\/\/valvontalautakunta.fi\/#website\",\"url\":\"https:\/\/valvontalautakunta.fi\/\",\"name\":\"Valvontalautakunta\",\"description\":\"Tillsynsn\u00e4mnden\",\"publisher\":{\"@id\":\"https:\/\/valvontalautakunta.fi\/#organization\"},\"potentialAction\":[{\"@type\":\"SearchAction\",\"target\":{\"@type\":\"EntryPoint\",\"urlTemplate\":\"https:\/\/valvontalautakunta.fi\/?s={search_term_string}\"},\"query-input\":{\"@type\":\"PropertyValueSpecification\",\"valueRequired\":true,\"valueName\":\"search_term_string\"}}],\"inLanguage\":\"sv-SE\"},{\"@type\":\"Organization\",\"@id\":\"https:\/\/valvontalautakunta.fi\/#organization\",\"name\":\"Tillsynsn\u00e4mnden\",\"url\":\"https:\/\/valvontalautakunta.fi\/\",\"logo\":{\"@type\":\"ImageObject\",\"inLanguage\":\"sv-SE\",\"@id\":\"https:\/\/valvontalautakunta.fi\/#\/schema\/logo\/image\/\",\"url\":\"https:\/\/valvontalautakunta.fi\/wp-content\/uploads\/sites\/2\/2021\/03\/Valvontalautakunta_YLEISJAKOKUVA_V1_1200x600_Web.png\",\"contentUrl\":\"https:\/\/valvontalautakunta.fi\/wp-content\/uploads\/sites\/2\/2021\/03\/Valvontalautakunta_YLEISJAKOKUVA_V1_1200x600_Web.png\",\"width\":1200,\"height\":600,\"caption\":\"Tillsynsn\u00e4mnden\"},\"image\":{\"@id\":\"https:\/\/valvontalautakunta.fi\/#\/schema\/logo\/image\/\"}}]}<\/script>\n<!-- \/ Yoast SEO plugin. -->","yoast_head_json":{"title":"Anf\u00f6rande av klagom\u00e5l - Tillsynsn\u00e4mnden","robots":{"index":"index","follow":"follow","max-snippet":"max-snippet:-1","max-image-preview":"max-image-preview:large","max-video-preview":"max-video-preview:-1"},"canonical":"https:\/\/valvontalautakunta.fi\/sv\/klagomal\/anforande-av-klagomal\/","og_locale":"sv_SE","og_type":"article","og_title":"Anf\u00f6rande av klagom\u00e5l - Tillsynsn\u00e4mnden","og_url":"https:\/\/valvontalautakunta.fi\/sv\/klagomal\/anforande-av-klagomal\/","og_site_name":"Tillsynsn\u00e4mnden","article_modified_time":"2024-05-07T19:51:23+00:00","og_image":[{"width":1200,"height":600,"url":"https:\/\/valvontalautakunta.fi\/wp-content\/uploads\/sites\/2\/2021\/03\/Valvontalautakunta_YLEISJAKOKUVA_V1_1200x600_Web.png","type":"image\/png"}],"twitter_card":"summary_large_image","schema":{"@context":"https:\/\/schema.org","@graph":[{"@type":"WebPage","@id":"https:\/\/valvontalautakunta.fi\/sv\/klagomal\/anforande-av-klagomal\/","url":"https:\/\/valvontalautakunta.fi\/sv\/klagomal\/anforande-av-klagomal\/","name":"Anf\u00f6rande av klagom\u00e5l - Tillsynsn\u00e4mnden","isPartOf":{"@id":"https:\/\/valvontalautakunta.fi\/#website"},"datePublished":"2021-03-18T06:29:26+00:00","dateModified":"2024-05-07T19:51:23+00:00","breadcrumb":{"@id":"https:\/\/valvontalautakunta.fi\/sv\/klagomal\/anforande-av-klagomal\/#breadcrumb"},"inLanguage":"sv-SE","potentialAction":[{"@type":"ReadAction","target":["https:\/\/valvontalautakunta.fi\/sv\/klagomal\/anforande-av-klagomal\/"]}]},{"@type":"BreadcrumbList","@id":"https:\/\/valvontalautakunta.fi\/sv\/klagomal\/anforande-av-klagomal\/#breadcrumb","itemListElement":[{"@type":"ListItem","position":1,"name":"Framsida","item":"https:\/\/valvontalautakunta.fi\/sv\/"},{"@type":"ListItem","position":2,"name":"Klagom\u00e5l","item":"https:\/\/valvontalautakunta.fi\/sv\/klagomal\/"},{"@type":"ListItem","position":3,"name":"Anf\u00f6rande av klagom\u00e5l"}]},{"@type":"WebSite","@id":"https:\/\/valvontalautakunta.fi\/#website","url":"https:\/\/valvontalautakunta.fi\/","name":"Valvontalautakunta","description":"Tillsynsn\u00e4mnden","publisher":{"@id":"https:\/\/valvontalautakunta.fi\/#organization"},"potentialAction":[{"@type":"SearchAction","target":{"@type":"EntryPoint","urlTemplate":"https:\/\/valvontalautakunta.fi\/?s={search_term_string}"},"query-input":{"@type":"PropertyValueSpecification","valueRequired":true,"valueName":"search_term_string"}}],"inLanguage":"sv-SE"},{"@type":"Organization","@id":"https:\/\/valvontalautakunta.fi\/#organization","name":"Tillsynsn\u00e4mnden","url":"https:\/\/valvontalautakunta.fi\/","logo":{"@type":"ImageObject","inLanguage":"sv-SE","@id":"https:\/\/valvontalautakunta.fi\/#\/schema\/logo\/image\/","url":"https:\/\/valvontalautakunta.fi\/wp-content\/uploads\/sites\/2\/2021\/03\/Valvontalautakunta_YLEISJAKOKUVA_V1_1200x600_Web.png","contentUrl":"https:\/\/valvontalautakunta.fi\/wp-content\/uploads\/sites\/2\/2021\/03\/Valvontalautakunta_YLEISJAKOKUVA_V1_1200x600_Web.png","width":1200,"height":600,"caption":"Tillsynsn\u00e4mnden"},"image":{"@id":"https:\/\/valvontalautakunta.fi\/#\/schema\/logo\/image\/"}}]}},"_links":{"self":[{"href":"https:\/\/valvontalautakunta.fi\/sv\/wp-json\/wp\/v2\/pages\/980","targetHints":{"allow":["GET"]}}],"collection":[{"href":"https:\/\/valvontalautakunta.fi\/sv\/wp-json\/wp\/v2\/pages"}],"about":[{"href":"https:\/\/valvontalautakunta.fi\/sv\/wp-json\/wp\/v2\/types\/page"}],"author":[{"embeddable":true,"href":"https:\/\/valvontalautakunta.fi\/sv\/wp-json\/wp\/v2\/users\/4"}],"replies":[{"embeddable":true,"href":"https:\/\/valvontalautakunta.fi\/sv\/wp-json\/wp\/v2\/comments?post=980"}],"version-history":[{"count":11,"href":"https:\/\/valvontalautakunta.fi\/sv\/wp-json\/wp\/v2\/pages\/980\/revisions"}],"predecessor-version":[{"id":2614,"href":"https:\/\/valvontalautakunta.fi\/sv\/wp-json\/wp\/v2\/pages\/980\/revisions\/2614"}],"up":[{"embeddable":true,"href":"https:\/\/valvontalautakunta.fi\/sv\/wp-json\/wp\/v2\/pages\/978"}],"wp:attachment":[{"href":"https:\/\/valvontalautakunta.fi\/sv\/wp-json\/wp\/v2\/media?parent=980"}],"curies":[{"name":"wp","href":"https:\/\/api.w.org\/{rel}","templated":true}]}}